{"id":23522,"date":"2025-03-13T15:36:48","date_gmt":"2025-03-13T14:36:48","guid":{"rendered":"https:\/\/www.dapperdrap.com\/?post_type=product&#038;p=23522"},"modified":"2025-10-13T15:22:22","modified_gmt":"2025-10-13T13:22:22","slug":"knot","status":"publish","type":"product","link":"https:\/\/www.dapperdrap.com\/fr\/product\/noeud\/","title":{"rendered":"COUVERTURE"},"content":{"rendered":"<p data-start=\"0\" data-end=\"217\">R\u00e9alis\u00e9 en tissu gris perle \u00e0 la finition lisse et lumineuse, il s'inspire des reflets argent\u00e9s des vagues \u00e0 la lumi\u00e8re du soleil.<\/p>\n<p data-start=\"219\" data-end=\"416\" data-is-last-node=\"\" data-is-only-node=\"\">Le design minimaliste et essentiel rappelle la puret\u00e9 et le calme de la mer, parfait pour ceux qui recherchent un accessoire sophistiqu\u00e9 et polyvalent \u00e0 porter de jour comme de nuit.<\/p>","protected":false},"excerpt":{"rendered":"<p>Cravate continentale en tissu de haute qualit\u00e9.<\/p>","protected":false},"featured_media":23529,"comment_status":"open","ping_status":"closed","template":"","meta":{"inline_featured_image":false,"_kadence_starter_templates_imported_post":false,"_kad_post_transparent":"default","_kad_post_title":"","_kad_post_layout":"default","_kad_post_sidebar_id":"","_kad_post_content_style":"default","_kad_post_vertical_padding":"default","_kad_post_feature":"","_kad_post_feature_position":"","_kad_post_header":false,"_kad_post_footer":false,"_kad_post_classname":""},"product_brand":[],"product_cat":[35],"product_tag":[],"class_list":{"0":"post-23522","1":"product","2":"type-product","3":"status-publish","4":"has-post-thumbnail","6":"product_cat-sail","8":"first","9":"instock","10":"shipping-taxable","11":"purchasable","12":"product-type-simple","13":"entry","14":"content-bg","15":"loop-entry"},"_links":{"self":[{"href":"https:\/\/www.dapperdrap.com\/fr\/wp-json\/wp\/v2\/product\/23522","targetHints":{"allow":["GET"]}}],"collection":[{"href":"https:\/\/www.dapperdrap.com\/fr\/wp-json\/wp\/v2\/product"}],"about":[{"href":"https:\/\/www.dapperdrap.com\/fr\/wp-json\/wp\/v2\/types\/product"}],"replies":[{"embeddable":true,"href":"https:\/\/www.dapperdrap.com\/fr\/wp-json\/wp\/v2\/comments?post=23522"}],"wp:featuredmedia":[{"embeddable":true,"href":"https:\/\/www.dapperdrap.com\/fr\/wp-json\/wp\/v2\/media\/23529"}],"wp:attachment":[{"href":"https:\/\/www.dapperdrap.com\/fr\/wp-json\/wp\/v2\/media?parent=23522"}],"wp:term":[{"taxonomy":"product_brand","embeddable":true,"href":"https:\/\/www.dapperdrap.com\/fr\/wp-json\/wp\/v2\/product_brand?post=23522"},{"taxonomy":"product_cat","embeddable":true,"href":"https:\/\/www.dapperdrap.com\/fr\/wp-json\/wp\/v2\/product_cat?post=23522"},{"taxonomy":"product_tag","embeddable":true,"href":"https:\/\/www.dapperdrap.com\/fr\/wp-json\/wp\/v2\/product_tag?post=23522"}],"curies":[{"name":"wp","href":"https:\/\/api.w.org\/{rel}","templated":true}]}}