{"id":23487,"date":"2025-03-13T15:31:30","date_gmt":"2025-03-13T14:31:30","guid":{"rendered":"https:\/\/www.dapperdrap.com\/?post_type=product&#038;p=23487"},"modified":"2025-09-23T16:38:27","modified_gmt":"2025-09-23T14:38:27","slug":"keel","status":"publish","type":"product","link":"https:\/\/www.dapperdrap.com\/fr\/product\/quille\/","title":{"rendered":"KEEL"},"content":{"rendered":"<p data-start=\"0\" data-end=\"220\">Cravate continentale en tissu bleu profond avec un tissage jacquard raffin\u00e9, inspir\u00e9 par les teintes intenses de l'oc\u00e9an.<\/p>\n<p data-start=\"222\" data-end=\"420\" data-is-last-node=\"\" data-is-only-node=\"\">La texture d\u00e9licate et intemporelle \u00e9voque l'\u00e9quilibre harmonieux des vagues, parfait pour ceux qui veulent un accessoire qui \u00e9voque l'\u00e9quilibre et la sophistication.<\/p>","protected":false},"excerpt":{"rendered":"<p>Cravate continentale en tissu de haute qualit\u00e9.<\/p>","protected":false},"featured_media":23493,"comment_status":"open","ping_status":"closed","template":"","meta":{"inline_featured_image":false,"_kadence_starter_templates_imported_post":false,"_kad_post_transparent":"default","_kad_post_title":"","_kad_post_layout":"default","_kad_post_sidebar_id":"","_kad_post_content_style":"default","_kad_post_vertical_padding":"default","_kad_post_feature":"","_kad_post_feature_position":"","_kad_post_header":false,"_kad_post_footer":false,"_kad_post_classname":""},"product_brand":[],"product_cat":[35],"product_tag":[],"class_list":{"0":"post-23487","1":"product","2":"type-product","3":"status-publish","4":"has-post-thumbnail","6":"product_cat-sail","8":"first","9":"instock","10":"shipping-taxable","11":"purchasable","12":"product-type-simple","13":"entry","14":"content-bg","15":"loop-entry"},"_links":{"self":[{"href":"https:\/\/www.dapperdrap.com\/fr\/wp-json\/wp\/v2\/product\/23487","targetHints":{"allow":["GET"]}}],"collection":[{"href":"https:\/\/www.dapperdrap.com\/fr\/wp-json\/wp\/v2\/product"}],"about":[{"href":"https:\/\/www.dapperdrap.com\/fr\/wp-json\/wp\/v2\/types\/product"}],"replies":[{"embeddable":true,"href":"https:\/\/www.dapperdrap.com\/fr\/wp-json\/wp\/v2\/comments?post=23487"}],"wp:featuredmedia":[{"embeddable":true,"href":"https:\/\/www.dapperdrap.com\/fr\/wp-json\/wp\/v2\/media\/23493"}],"wp:attachment":[{"href":"https:\/\/www.dapperdrap.com\/fr\/wp-json\/wp\/v2\/media?parent=23487"}],"wp:term":[{"taxonomy":"product_brand","embeddable":true,"href":"https:\/\/www.dapperdrap.com\/fr\/wp-json\/wp\/v2\/product_brand?post=23487"},{"taxonomy":"product_cat","embeddable":true,"href":"https:\/\/www.dapperdrap.com\/fr\/wp-json\/wp\/v2\/product_cat?post=23487"},{"taxonomy":"product_tag","embeddable":true,"href":"https:\/\/www.dapperdrap.com\/fr\/wp-json\/wp\/v2\/product_tag?post=23487"}],"curies":[{"name":"wp","href":"https:\/\/api.w.org\/{rel}","templated":true}]}}