{"id":23480,"date":"2025-03-13T15:29:58","date_gmt":"2025-03-13T14:29:58","guid":{"rendered":"https:\/\/www.dapperdrap.com\/?post_type=product&#038;p=23480"},"modified":"2025-10-02T14:59:15","modified_gmt":"2025-10-02T12:59:15","slug":"deck","status":"publish","type":"product","link":"https:\/\/www.dapperdrap.com\/fr\/product\/pont\/","title":{"rendered":"D\u00c9CKER"},"content":{"rendered":"<p data-start=\"0\" data-end=\"144\">R\u00e9alis\u00e9 avec un motif jacquard qui r\u00e9interpr\u00e8te des motifs nautiques stylis\u00e9s.<\/p>\n<p data-start=\"146\" data-end=\"325\" data-is-last-node=\"\" data-is-only-node=\"\">Le style audacieux et sophistiqu\u00e9 allie tradition et modernit\u00e9, id\u00e9al pour ceux qui veulent se d\u00e9marquer avec un accessoire original r\u00e9interpr\u00e9tant le style marin dans une tonalit\u00e9 sophistiqu\u00e9e et contemporaine.<\/p>","protected":false},"excerpt":{"rendered":"<p>Cravate continentale en tissu de haute qualit\u00e9.<\/p>","protected":false},"featured_media":23484,"comment_status":"open","ping_status":"closed","template":"","meta":{"inline_featured_image":false,"_kadence_starter_templates_imported_post":false,"_kad_post_transparent":"default","_kad_post_title":"","_kad_post_layout":"default","_kad_post_sidebar_id":"","_kad_post_content_style":"default","_kad_post_vertical_padding":"default","_kad_post_feature":"","_kad_post_feature_position":"","_kad_post_header":false,"_kad_post_footer":false,"_kad_post_classname":""},"product_brand":[],"product_cat":[35],"product_tag":[],"class_list":{"0":"post-23480","1":"product","2":"type-product","3":"status-publish","4":"has-post-thumbnail","6":"product_cat-sail","8":"first","9":"onbackorder","10":"featured","11":"shipping-taxable","12":"purchasable","13":"product-type-simple","14":"entry","15":"content-bg","16":"loop-entry"},"_links":{"self":[{"href":"https:\/\/www.dapperdrap.com\/fr\/wp-json\/wp\/v2\/product\/23480","targetHints":{"allow":["GET"]}}],"collection":[{"href":"https:\/\/www.dapperdrap.com\/fr\/wp-json\/wp\/v2\/product"}],"about":[{"href":"https:\/\/www.dapperdrap.com\/fr\/wp-json\/wp\/v2\/types\/product"}],"replies":[{"embeddable":true,"href":"https:\/\/www.dapperdrap.com\/fr\/wp-json\/wp\/v2\/comments?post=23480"}],"wp:featuredmedia":[{"embeddable":true,"href":"https:\/\/www.dapperdrap.com\/fr\/wp-json\/wp\/v2\/media\/23484"}],"wp:attachment":[{"href":"https:\/\/www.dapperdrap.com\/fr\/wp-json\/wp\/v2\/media?parent=23480"}],"wp:term":[{"taxonomy":"product_brand","embeddable":true,"href":"https:\/\/www.dapperdrap.com\/fr\/wp-json\/wp\/v2\/product_brand?post=23480"},{"taxonomy":"product_cat","embeddable":true,"href":"https:\/\/www.dapperdrap.com\/fr\/wp-json\/wp\/v2\/product_cat?post=23480"},{"taxonomy":"product_tag","embeddable":true,"href":"https:\/\/www.dapperdrap.com\/fr\/wp-json\/wp\/v2\/product_tag?post=23480"}],"curies":[{"name":"wp","href":"https:\/\/api.w.org\/{rel}","templated":true}]}}