{"id":23460,"date":"2025-03-13T15:22:32","date_gmt":"2025-03-13T14:22:32","guid":{"rendered":"https:\/\/www.dapperdrap.com\/?post_type=product&#038;p=23460"},"modified":"2025-10-13T15:29:15","modified_gmt":"2025-10-13T13:29:15","slug":"coin","status":"publish","type":"product","link":"https:\/\/www.dapperdrap.com\/fr\/product\/piece-de-monnaie\/","title":{"rendered":"COIN"},"content":{"rendered":"<p data-start=\"0\" data-end=\"134\">Fabriqu\u00e9 en tissu marron avec un tissage jacquard raffin\u00e9 \u00e0 micro-motifs, qui lui conf\u00e8re \u00e9l\u00e9gance et texture sophistiqu\u00e9e.<\/p>\n<p data-start=\"136\" data-end=\"311\" data-is-last-node=\"\" data-is-only-node=\"\">Le design \u00e9l\u00e9gant et adapt\u00e9 rappelle le style classique avec une touche de modernit\u00e9, ce qui est parfait pour ceux qui recherchent un accessoire distinctif.<\/p>","protected":false},"excerpt":{"rendered":"<p>Cravate continentale en tissu de haute qualit\u00e9.<\/p>","protected":false},"featured_media":23463,"comment_status":"open","ping_status":"closed","template":"","meta":{"inline_featured_image":false,"_kadence_starter_templates_imported_post":false,"_kad_post_transparent":"default","_kad_post_title":"","_kad_post_layout":"default","_kad_post_sidebar_id":"","_kad_post_content_style":"default","_kad_post_vertical_padding":"default","_kad_post_feature":"","_kad_post_feature_position":"","_kad_post_header":false,"_kad_post_footer":false,"_kad_post_classname":""},"product_brand":[],"product_cat":[33],"product_tag":[],"class_list":{"0":"post-23460","1":"product","2":"type-product","3":"status-publish","4":"has-post-thumbnail","6":"product_cat-deco-glamour","8":"first","9":"instock","10":"shipping-taxable","11":"purchasable","12":"product-type-simple","13":"entry","14":"content-bg","15":"loop-entry"},"_links":{"self":[{"href":"https:\/\/www.dapperdrap.com\/fr\/wp-json\/wp\/v2\/product\/23460","targetHints":{"allow":["GET"]}}],"collection":[{"href":"https:\/\/www.dapperdrap.com\/fr\/wp-json\/wp\/v2\/product"}],"about":[{"href":"https:\/\/www.dapperdrap.com\/fr\/wp-json\/wp\/v2\/types\/product"}],"replies":[{"embeddable":true,"href":"https:\/\/www.dapperdrap.com\/fr\/wp-json\/wp\/v2\/comments?post=23460"}],"wp:featuredmedia":[{"embeddable":true,"href":"https:\/\/www.dapperdrap.com\/fr\/wp-json\/wp\/v2\/media\/23463"}],"wp:attachment":[{"href":"https:\/\/www.dapperdrap.com\/fr\/wp-json\/wp\/v2\/media?parent=23460"}],"wp:term":[{"taxonomy":"product_brand","embeddable":true,"href":"https:\/\/www.dapperdrap.com\/fr\/wp-json\/wp\/v2\/product_brand?post=23460"},{"taxonomy":"product_cat","embeddable":true,"href":"https:\/\/www.dapperdrap.com\/fr\/wp-json\/wp\/v2\/product_cat?post=23460"},{"taxonomy":"product_tag","embeddable":true,"href":"https:\/\/www.dapperdrap.com\/fr\/wp-json\/wp\/v2\/product_tag?post=23460"}],"curies":[{"name":"wp","href":"https:\/\/api.w.org\/{rel}","templated":true}]}}