{"id":23435,"date":"2025-03-13T15:12:15","date_gmt":"2025-03-13T14:12:15","guid":{"rendered":"https:\/\/www.dapperdrap.com\/?post_type=product&#038;p=23435"},"modified":"2025-10-13T15:28:50","modified_gmt":"2025-10-13T13:28:50","slug":"empire","status":"publish","type":"product","link":"https:\/\/www.dapperdrap.com\/fr\/product\/empire\/","title":{"rendered":"EMPIRE"},"content":{"rendered":"<p data-start=\"0\" data-end=\"131\">Fabriqu\u00e9 en tissu gris avec une texture jacquard raffin\u00e9e, id\u00e9al pour un look sophistiqu\u00e9 et distinctif.<\/p>\n<p data-start=\"133\" data-end=\"330\" data-is-last-node=\"\" data-is-only-node=\"\">Convient \u00e0 ceux qui recherchent une esth\u00e9tique m\u00ealant luxe et modernit\u00e9, un tailleur d'\u00e9poque \u00e0 l'allure moderne. Parfait pour les c\u00e9r\u00e9monies, les \u00e9v\u00e9nements formels et les tenues au charme r\u00e9tro avec une touche de modernit\u00e9.<\/p>","protected":false},"excerpt":{"rendered":"<p>Cravate continentale en tissu de haute qualit\u00e9.<\/p>","protected":false},"featured_media":23438,"comment_status":"open","ping_status":"closed","template":"","meta":{"inline_featured_image":false,"_kadence_starter_templates_imported_post":false,"_kad_post_transparent":"default","_kad_post_title":"","_kad_post_layout":"default","_kad_post_sidebar_id":"","_kad_post_content_style":"default","_kad_post_vertical_padding":"default","_kad_post_feature":"","_kad_post_feature_position":"","_kad_post_header":false,"_kad_post_footer":false,"_kad_post_classname":""},"product_brand":[],"product_cat":[33],"product_tag":[],"class_list":{"0":"post-23435","1":"product","2":"type-product","3":"status-publish","4":"has-post-thumbnail","6":"product_cat-deco-glamour","8":"first","9":"instock","10":"shipping-taxable","11":"purchasable","12":"product-type-simple","13":"entry","14":"content-bg","15":"loop-entry"},"_links":{"self":[{"href":"https:\/\/www.dapperdrap.com\/fr\/wp-json\/wp\/v2\/product\/23435","targetHints":{"allow":["GET"]}}],"collection":[{"href":"https:\/\/www.dapperdrap.com\/fr\/wp-json\/wp\/v2\/product"}],"about":[{"href":"https:\/\/www.dapperdrap.com\/fr\/wp-json\/wp\/v2\/types\/product"}],"replies":[{"embeddable":true,"href":"https:\/\/www.dapperdrap.com\/fr\/wp-json\/wp\/v2\/comments?post=23435"}],"wp:featuredmedia":[{"embeddable":true,"href":"https:\/\/www.dapperdrap.com\/fr\/wp-json\/wp\/v2\/media\/23438"}],"wp:attachment":[{"href":"https:\/\/www.dapperdrap.com\/fr\/wp-json\/wp\/v2\/media?parent=23435"}],"wp:term":[{"taxonomy":"product_brand","embeddable":true,"href":"https:\/\/www.dapperdrap.com\/fr\/wp-json\/wp\/v2\/product_brand?post=23435"},{"taxonomy":"product_cat","embeddable":true,"href":"https:\/\/www.dapperdrap.com\/fr\/wp-json\/wp\/v2\/product_cat?post=23435"},{"taxonomy":"product_tag","embeddable":true,"href":"https:\/\/www.dapperdrap.com\/fr\/wp-json\/wp\/v2\/product_tag?post=23435"}],"curies":[{"name":"wp","href":"https:\/\/api.w.org\/{rel}","templated":true}]}}