{"id":23342,"date":"2025-03-13T14:15:22","date_gmt":"2025-03-13T13:15:22","guid":{"rendered":"https:\/\/www.dapperdrap.com\/?post_type=product&#038;p=23342"},"modified":"2025-10-13T15:26:44","modified_gmt":"2025-10-13T13:26:44","slug":"baylon-country-gentleman","status":"publish","type":"product","link":"https:\/\/www.dapperdrap.com\/fr\/product\/baylon-country-gentleman\/","title":{"rendered":"BAYLON"},"content":{"rendered":"<p data-start=\"0\" data-end=\"305\">Fabriqu\u00e9e dans un tissu fin \u00e0 la finition mate, cette cravate continentale offre une apparence \u00e9l\u00e9gante, repr\u00e9sentant l'union de la praticit\u00e9 et de la sophistication.<\/p>\n<p data-start=\"0\" data-end=\"305\">La teinte neutre peut facilement \u00eatre combin\u00e9e avec diff\u00e9rentes tenues, ce qui en fait un accessoire polyvalent parfait pour les occasions formelles ou pour donner une touche de raffinement \u00e0 une tenue d\u00e9contract\u00e9e.<\/p>","protected":false},"excerpt":{"rendered":"<p>Cravate continentale en tissu fin.<\/p>","protected":false},"featured_media":23343,"comment_status":"open","ping_status":"closed","template":"","meta":{"inline_featured_image":false,"_kadence_starter_templates_imported_post":false,"_kad_post_transparent":"default","_kad_post_title":"","_kad_post_layout":"default","_kad_post_sidebar_id":"","_kad_post_content_style":"default","_kad_post_vertical_padding":"default","_kad_post_feature":"","_kad_post_feature_position":"","_kad_post_header":false,"_kad_post_footer":false,"_kad_post_classname":""},"product_brand":[],"product_cat":[31],"product_tag":[],"class_list":{"0":"post-23342","1":"product","2":"type-product","3":"status-publish","4":"has-post-thumbnail","6":"product_cat-country-gentleman","8":"first","9":"instock","10":"shipping-taxable","11":"purchasable","12":"product-type-simple","13":"entry","14":"content-bg","15":"loop-entry"},"_links":{"self":[{"href":"https:\/\/www.dapperdrap.com\/fr\/wp-json\/wp\/v2\/product\/23342","targetHints":{"allow":["GET"]}}],"collection":[{"href":"https:\/\/www.dapperdrap.com\/fr\/wp-json\/wp\/v2\/product"}],"about":[{"href":"https:\/\/www.dapperdrap.com\/fr\/wp-json\/wp\/v2\/types\/product"}],"replies":[{"embeddable":true,"href":"https:\/\/www.dapperdrap.com\/fr\/wp-json\/wp\/v2\/comments?post=23342"}],"wp:featuredmedia":[{"embeddable":true,"href":"https:\/\/www.dapperdrap.com\/fr\/wp-json\/wp\/v2\/media\/23343"}],"wp:attachment":[{"href":"https:\/\/www.dapperdrap.com\/fr\/wp-json\/wp\/v2\/media?parent=23342"}],"wp:term":[{"taxonomy":"product_brand","embeddable":true,"href":"https:\/\/www.dapperdrap.com\/fr\/wp-json\/wp\/v2\/product_brand?post=23342"},{"taxonomy":"product_cat","embeddable":true,"href":"https:\/\/www.dapperdrap.com\/fr\/wp-json\/wp\/v2\/product_cat?post=23342"},{"taxonomy":"product_tag","embeddable":true,"href":"https:\/\/www.dapperdrap.com\/fr\/wp-json\/wp\/v2\/product_tag?post=23342"}],"curies":[{"name":"wp","href":"https:\/\/api.w.org\/{rel}","templated":true}]}}