{"id":23218,"date":"2025-01-22T02:43:13","date_gmt":"2025-01-22T01:43:13","guid":{"rendered":"https:\/\/www.dapperdrap.com\/?post_type=product&#038;p=23218"},"modified":"2025-10-13T15:27:34","modified_gmt":"2025-10-13T13:27:34","slug":"country-gentleman-copia-copia","status":"publish","type":"product","link":"https:\/\/www.dapperdrap.com\/fr\/product\/copie-du-gentleman-de-campagne-2\/","title":{"rendered":"MURDOC"},"content":{"rendered":"<p>Fabriqu\u00e9 en tissu fin avec un motif pied-de-poule. Le design personnalis\u00e9 et sophistiqu\u00e9, avec une palette de tons chauds marron et noirs, conf\u00e8re une \u00e9l\u00e9gance discr\u00e8te et intemporelle.<\/p>\n<p>Rehaussez vos tenues les plus formelles avec un seul accessoire qui donne du caract\u00e8re et de la sophistication \u00e0 n'importe quelle tenue. La cravate continentale Murdoc \u00e9voque l'atmosph\u00e8re des promenades d'automne et le charme douillet des r\u00e9sidences de campagne.<\/p>","protected":false},"excerpt":{"rendered":"<p>Cravate continentale en tissu de haute qualit\u00e9.<\/p>","protected":false},"featured_media":23219,"comment_status":"open","ping_status":"closed","template":"","meta":{"inline_featured_image":false,"_kadence_starter_templates_imported_post":false,"_kad_post_transparent":"default","_kad_post_title":"","_kad_post_layout":"default","_kad_post_sidebar_id":"","_kad_post_content_style":"default","_kad_post_vertical_padding":"default","_kad_post_feature":"","_kad_post_feature_position":"","_kad_post_header":false,"_kad_post_footer":false,"_kad_post_classname":""},"product_brand":[],"product_cat":[31],"product_tag":[],"class_list":{"0":"post-23218","1":"product","2":"type-product","3":"status-publish","4":"has-post-thumbnail","6":"product_cat-country-gentleman","8":"first","9":"instock","10":"shipping-taxable","11":"purchasable","12":"product-type-simple","13":"entry","14":"content-bg","15":"loop-entry"},"_links":{"self":[{"href":"https:\/\/www.dapperdrap.com\/fr\/wp-json\/wp\/v2\/product\/23218","targetHints":{"allow":["GET"]}}],"collection":[{"href":"https:\/\/www.dapperdrap.com\/fr\/wp-json\/wp\/v2\/product"}],"about":[{"href":"https:\/\/www.dapperdrap.com\/fr\/wp-json\/wp\/v2\/types\/product"}],"replies":[{"embeddable":true,"href":"https:\/\/www.dapperdrap.com\/fr\/wp-json\/wp\/v2\/comments?post=23218"}],"wp:featuredmedia":[{"embeddable":true,"href":"https:\/\/www.dapperdrap.com\/fr\/wp-json\/wp\/v2\/media\/23219"}],"wp:attachment":[{"href":"https:\/\/www.dapperdrap.com\/fr\/wp-json\/wp\/v2\/media?parent=23218"}],"wp:term":[{"taxonomy":"product_brand","embeddable":true,"href":"https:\/\/www.dapperdrap.com\/fr\/wp-json\/wp\/v2\/product_brand?post=23218"},{"taxonomy":"product_cat","embeddable":true,"href":"https:\/\/www.dapperdrap.com\/fr\/wp-json\/wp\/v2\/product_cat?post=23218"},{"taxonomy":"product_tag","embeddable":true,"href":"https:\/\/www.dapperdrap.com\/fr\/wp-json\/wp\/v2\/product_tag?post=23218"}],"curies":[{"name":"wp","href":"https:\/\/api.w.org\/{rel}","templated":true}]}}