{"id":23217,"date":"2025-01-22T02:42:57","date_gmt":"2025-01-22T01:42:57","guid":{"rendered":"https:\/\/www.dapperdrap.com\/?post_type=product&#038;p=23217"},"modified":"2025-10-13T15:23:01","modified_gmt":"2025-10-13T13:23:01","slug":"country-gentleman-copia","status":"publish","type":"product","link":"https:\/\/www.dapperdrap.com\/fr\/product\/copie-du-gentleman-de-campagne\/","title":{"rendered":"BENNET"},"content":{"rendered":"<p>Rehaussez vos tenues les plus formelles avec un seul accessoire qui donne du caract\u00e8re et de la sophistication \u00e0 n'importe quelle tenue. Inspir\u00e9e par l'\u00e9l\u00e9gance intemporelle de la tradition britannique, la cravate Timothy est parfaite pour ceux qui veulent une touche de classe avec une touche contemporaine.<\/p>\n<p>Fabriqu\u00e9 en tissu \u00e9cossais fin. Il se caract\u00e9rise par un tissage raffin\u00e9 et une palette de couleurs rouge, vert et bleu vifs, enrichie d'accents blancs et jaunes qui rappellent la tradition anglaise et ajoutent une touche de chaleur et de caract\u00e8re.<\/p>","protected":false},"excerpt":{"rendered":"<p>Cravate continentale en tissu \u00e9cossais fin.<\/p>","protected":false},"featured_media":23215,"comment_status":"open","ping_status":"closed","template":"","meta":{"inline_featured_image":false,"_kadence_starter_templates_imported_post":false,"_kad_post_transparent":"default","_kad_post_title":"","_kad_post_layout":"default","_kad_post_sidebar_id":"","_kad_post_content_style":"default","_kad_post_vertical_padding":"default","_kad_post_feature":"","_kad_post_feature_position":"","_kad_post_header":false,"_kad_post_footer":false,"_kad_post_classname":""},"product_brand":[],"product_cat":[31],"product_tag":[],"class_list":{"0":"post-23217","1":"product","2":"type-product","3":"status-publish","4":"has-post-thumbnail","6":"product_cat-country-gentleman","8":"first","9":"instock","10":"shipping-taxable","11":"purchasable","12":"product-type-simple","13":"entry","14":"content-bg","15":"loop-entry"},"_links":{"self":[{"href":"https:\/\/www.dapperdrap.com\/fr\/wp-json\/wp\/v2\/product\/23217","targetHints":{"allow":["GET"]}}],"collection":[{"href":"https:\/\/www.dapperdrap.com\/fr\/wp-json\/wp\/v2\/product"}],"about":[{"href":"https:\/\/www.dapperdrap.com\/fr\/wp-json\/wp\/v2\/types\/product"}],"replies":[{"embeddable":true,"href":"https:\/\/www.dapperdrap.com\/fr\/wp-json\/wp\/v2\/comments?post=23217"}],"wp:featuredmedia":[{"embeddable":true,"href":"https:\/\/www.dapperdrap.com\/fr\/wp-json\/wp\/v2\/media\/23215"}],"wp:attachment":[{"href":"https:\/\/www.dapperdrap.com\/fr\/wp-json\/wp\/v2\/media?parent=23217"}],"wp:term":[{"taxonomy":"product_brand","embeddable":true,"href":"https:\/\/www.dapperdrap.com\/fr\/wp-json\/wp\/v2\/product_brand?post=23217"},{"taxonomy":"product_cat","embeddable":true,"href":"https:\/\/www.dapperdrap.com\/fr\/wp-json\/wp\/v2\/product_cat?post=23217"},{"taxonomy":"product_tag","embeddable":true,"href":"https:\/\/www.dapperdrap.com\/fr\/wp-json\/wp\/v2\/product_tag?post=23217"}],"curies":[{"name":"wp","href":"https:\/\/api.w.org\/{rel}","templated":true}]}}