{"id":23003,"date":"2024-12-04T15:27:53","date_gmt":"2024-12-04T14:27:53","guid":{"rendered":"https:\/\/www.dapperdrap.com\/?post_type=product&#038;p=23003"},"modified":"2026-03-27T16:07:31","modified_gmt":"2026-03-27T15:07:31","slug":"country-gentleman","status":"publish","type":"product","link":"https:\/\/www.dapperdrap.com\/fr\/product\/gentilhomme-de-campagne\/","title":{"rendered":"O' BRIAN"},"content":{"rendered":"<p data-start=\"39\" data-end=\"353\">Fabriqu\u00e9e dans un tissu de haute qualit\u00e9, cette cravate continentale pr\u00e9sente un motif g\u00e9om\u00e9trique raffin\u00e9 dans les tons noir et gris, qui lui conf\u00e8re profondeur et caract\u00e8re.<\/p>\n<p data-start=\"39\" data-end=\"353\">\u00c9l\u00e9gante et minimaliste, la cravate O' Brian est con\u00e7ue pour ceux qui aiment un style essentiel et sophistiqu\u00e9. Un accessoire polyvalent et sophistiqu\u00e9, parfait pour les \u00e9v\u00e9nements formels et les tenues contemporaines et sophistiqu\u00e9es.<\/p>","protected":false},"excerpt":{"rendered":"<p>Cravate continentale en tissu fin.<\/p>","protected":false},"featured_media":23037,"comment_status":"open","ping_status":"closed","template":"","meta":{"inline_featured_image":false,"_kadence_starter_templates_imported_post":false,"_kad_post_transparent":"default","_kad_post_title":"","_kad_post_layout":"default","_kad_post_sidebar_id":"","_kad_post_content_style":"default","_kad_post_vertical_padding":"default","_kad_post_feature":"","_kad_post_feature_position":"","_kad_post_header":false,"_kad_post_footer":false,"_kad_post_classname":""},"product_brand":[],"product_cat":[31],"product_tag":[],"class_list":{"0":"post-23003","1":"product","2":"type-product","3":"status-publish","4":"has-post-thumbnail","6":"product_cat-country-gentleman","8":"first","9":"instock","10":"shipping-taxable","11":"purchasable","12":"product-type-simple","13":"entry","14":"content-bg","15":"loop-entry"},"_links":{"self":[{"href":"https:\/\/www.dapperdrap.com\/fr\/wp-json\/wp\/v2\/product\/23003","targetHints":{"allow":["GET"]}}],"collection":[{"href":"https:\/\/www.dapperdrap.com\/fr\/wp-json\/wp\/v2\/product"}],"about":[{"href":"https:\/\/www.dapperdrap.com\/fr\/wp-json\/wp\/v2\/types\/product"}],"replies":[{"embeddable":true,"href":"https:\/\/www.dapperdrap.com\/fr\/wp-json\/wp\/v2\/comments?post=23003"}],"wp:featuredmedia":[{"embeddable":true,"href":"https:\/\/www.dapperdrap.com\/fr\/wp-json\/wp\/v2\/media\/23037"}],"wp:attachment":[{"href":"https:\/\/www.dapperdrap.com\/fr\/wp-json\/wp\/v2\/media?parent=23003"}],"wp:term":[{"taxonomy":"product_brand","embeddable":true,"href":"https:\/\/www.dapperdrap.com\/fr\/wp-json\/wp\/v2\/product_brand?post=23003"},{"taxonomy":"product_cat","embeddable":true,"href":"https:\/\/www.dapperdrap.com\/fr\/wp-json\/wp\/v2\/product_cat?post=23003"},{"taxonomy":"product_tag","embeddable":true,"href":"https:\/\/www.dapperdrap.com\/fr\/wp-json\/wp\/v2\/product_tag?post=23003"}],"curies":[{"name":"wp","href":"https:\/\/api.w.org\/{rel}","templated":true}]}}