{"id":23429,"date":"2025-03-13T15:05:00","date_gmt":"2025-03-13T14:05:00","guid":{"rendered":"https:\/\/www.dapperdrap.com\/?post_type=product&#038;p=23429"},"modified":"2025-10-13T15:32:19","modified_gmt":"2025-10-13T13:32:19","slug":"coal","status":"publish","type":"product","link":"https:\/\/www.dapperdrap.com\/es\/product\/carbon\/","title":{"rendered":"CARB\u00d3N"},"content":{"rendered":"<p data-start=\"0\" data-end=\"291\">Elegante corbata continental en tejido negro con una ligera textura jacquard que le confiere un aspecto sofisticado y vers\u00e1til, perfecto para cualquier ocasi\u00f3n formal.<\/p>\n<p data-start=\"293\" data-end=\"579\" data-is-last-node=\"\" data-is-only-node=\"\">El dise\u00f1o aporta un toque refinado y retro, inspirado en la elegancia victoriana y los accesorios de sastrer\u00eda del siglo XIX. Perfecto para completar un look cl\u00e1sico.<\/p>","protected":false},"excerpt":{"rendered":"<p>Corbata continental en tejido de alta calidad.<\/p>","protected":false},"featured_media":23431,"comment_status":"open","ping_status":"closed","template":"","meta":{"inline_featured_image":false,"_kadence_starter_templates_imported_post":false,"_kad_post_transparent":"default","_kad_post_title":"","_kad_post_layout":"default","_kad_post_sidebar_id":"","_kad_post_content_style":"default","_kad_post_vertical_padding":"default","_kad_post_feature":"","_kad_post_feature_position":"","_kad_post_header":false,"_kad_post_footer":false,"_kad_post_classname":""},"product_brand":[],"product_cat":[33],"product_tag":[],"class_list":{"0":"post-23429","1":"product","2":"type-product","3":"status-publish","4":"has-post-thumbnail","6":"product_cat-deco-glamour","8":"first","9":"instock","10":"shipping-taxable","11":"purchasable","12":"product-type-simple","13":"entry","14":"content-bg","15":"loop-entry"},"_links":{"self":[{"href":"https:\/\/www.dapperdrap.com\/es\/wp-json\/wp\/v2\/product\/23429","targetHints":{"allow":["GET"]}}],"collection":[{"href":"https:\/\/www.dapperdrap.com\/es\/wp-json\/wp\/v2\/product"}],"about":[{"href":"https:\/\/www.dapperdrap.com\/es\/wp-json\/wp\/v2\/types\/product"}],"replies":[{"embeddable":true,"href":"https:\/\/www.dapperdrap.com\/es\/wp-json\/wp\/v2\/comments?post=23429"}],"wp:featuredmedia":[{"embeddable":true,"href":"https:\/\/www.dapperdrap.com\/es\/wp-json\/wp\/v2\/media\/23431"}],"wp:attachment":[{"href":"https:\/\/www.dapperdrap.com\/es\/wp-json\/wp\/v2\/media?parent=23429"}],"wp:term":[{"taxonomy":"product_brand","embeddable":true,"href":"https:\/\/www.dapperdrap.com\/es\/wp-json\/wp\/v2\/product_brand?post=23429"},{"taxonomy":"product_cat","embeddable":true,"href":"https:\/\/www.dapperdrap.com\/es\/wp-json\/wp\/v2\/product_cat?post=23429"},{"taxonomy":"product_tag","embeddable":true,"href":"https:\/\/www.dapperdrap.com\/es\/wp-json\/wp\/v2\/product_tag?post=23429"}],"curies":[{"name":"wp","href":"https:\/\/api.w.org\/{rel}","templated":true}]}}