{"id":23213,"date":"2025-03-13T12:15:47","date_gmt":"2025-03-13T11:15:47","guid":{"rendered":"https:\/\/www.dapperdrap.com\/?post_type=product&#038;p=23213"},"modified":"2026-01-15T21:38:52","modified_gmt":"2026-01-15T20:38:52","slug":"country-gentleman-2","status":"publish","type":"product","link":"https:\/\/www.dapperdrap.com\/es\/product\/caballero-de-campo-2\/","title":{"rendered":"TIMOTHY"},"content":{"rendered":"<p>Confeccionado en un fino tejido de tart\u00e1n, presenta una fina trama y una paleta de colores en tonos azul oscuro, amarillo ocre y rojo burdeos.<\/p>\n<p>Realce sus conjuntos m\u00e1s formales con un \u00fanico accesorio que a\u00f1ade car\u00e1cter y sofisticaci\u00f3n a cualquier atuendo. Inspirada en la elegancia atemporal de la tradici\u00f3n brit\u00e1nica, la corbata Timothy es perfecta para quienes desean un toque de clase con un toque contempor\u00e1neo.<\/p>\n<p>&nbsp;<\/p>","protected":false},"excerpt":{"rendered":"<p>Corbata continental en tejido de alta calidad.<\/p>","protected":false},"featured_media":23331,"comment_status":"open","ping_status":"closed","template":"","meta":{"inline_featured_image":false,"_kadence_starter_templates_imported_post":false,"_kad_post_transparent":"default","_kad_post_title":"","_kad_post_layout":"default","_kad_post_sidebar_id":"","_kad_post_content_style":"default","_kad_post_vertical_padding":"default","_kad_post_feature":"","_kad_post_feature_position":"","_kad_post_header":false,"_kad_post_footer":false,"_kad_post_classname":""},"product_brand":[],"product_cat":[31],"product_tag":[],"class_list":{"0":"post-23213","1":"product","2":"type-product","3":"status-publish","4":"has-post-thumbnail","6":"product_cat-country-gentleman","8":"first","9":"instock","10":"shipping-taxable","11":"purchasable","12":"product-type-simple","13":"entry","14":"content-bg","15":"loop-entry"},"_links":{"self":[{"href":"https:\/\/www.dapperdrap.com\/es\/wp-json\/wp\/v2\/product\/23213","targetHints":{"allow":["GET"]}}],"collection":[{"href":"https:\/\/www.dapperdrap.com\/es\/wp-json\/wp\/v2\/product"}],"about":[{"href":"https:\/\/www.dapperdrap.com\/es\/wp-json\/wp\/v2\/types\/product"}],"replies":[{"embeddable":true,"href":"https:\/\/www.dapperdrap.com\/es\/wp-json\/wp\/v2\/comments?post=23213"}],"wp:featuredmedia":[{"embeddable":true,"href":"https:\/\/www.dapperdrap.com\/es\/wp-json\/wp\/v2\/media\/23331"}],"wp:attachment":[{"href":"https:\/\/www.dapperdrap.com\/es\/wp-json\/wp\/v2\/media?parent=23213"}],"wp:term":[{"taxonomy":"product_brand","embeddable":true,"href":"https:\/\/www.dapperdrap.com\/es\/wp-json\/wp\/v2\/product_brand?post=23213"},{"taxonomy":"product_cat","embeddable":true,"href":"https:\/\/www.dapperdrap.com\/es\/wp-json\/wp\/v2\/product_cat?post=23213"},{"taxonomy":"product_tag","embeddable":true,"href":"https:\/\/www.dapperdrap.com\/es\/wp-json\/wp\/v2\/product_tag?post=23213"}],"curies":[{"name":"wp","href":"https:\/\/api.w.org\/{rel}","templated":true}]}}