{"id":23442,"date":"2025-03-13T15:15:01","date_gmt":"2025-03-13T14:15:01","guid":{"rendered":"https:\/\/www.dapperdrap.com\/?post_type=product&#038;p=23442"},"modified":"2025-10-13T15:32:00","modified_gmt":"2025-10-13T13:32:00","slug":"baccus","status":"publish","type":"product","link":"https:\/\/www.dapperdrap.com\/de\/product\/baccus\/","title":{"rendered":"BACCUS"},"content":{"rendered":"<p data-start=\"0\" data-end=\"159\">Mit einem ikonischen Muster, das an die Raffinesse der Art-D\u00e9co-Architektur und -Interieurs erinnert.<\/p>\n<p>Das Design erinnert an den Stil der Zeit mit einem Hauch von stilistischer Exklusivit\u00e4t und ist perfekt f\u00fcr alle, die ein unverwechselbares Accessoire suchen, das die Blicke auf sich zieht, ohne zu \u00fcbertreiben.<\/p>\n<p data-start=\"0\" data-end=\"159\">","protected":false},"excerpt":{"rendered":"<p>Kontinentale Krawatte aus hochwertigem Stoff.<\/p>","protected":false},"featured_media":23445,"comment_status":"open","ping_status":"closed","template":"","meta":{"inline_featured_image":false,"_kadence_starter_templates_imported_post":false,"_kad_post_transparent":"default","_kad_post_title":"","_kad_post_layout":"default","_kad_post_sidebar_id":"","_kad_post_content_style":"default","_kad_post_vertical_padding":"default","_kad_post_feature":"","_kad_post_feature_position":"","_kad_post_header":false,"_kad_post_footer":false,"_kad_post_classname":""},"product_brand":[],"product_cat":[33],"product_tag":[],"class_list":{"0":"post-23442","1":"product","2":"type-product","3":"status-publish","4":"has-post-thumbnail","6":"product_cat-deco-glamour","8":"first","9":"instock","10":"shipping-taxable","11":"purchasable","12":"product-type-simple","13":"entry","14":"content-bg","15":"loop-entry"},"_links":{"self":[{"href":"https:\/\/www.dapperdrap.com\/de\/wp-json\/wp\/v2\/product\/23442","targetHints":{"allow":["GET"]}}],"collection":[{"href":"https:\/\/www.dapperdrap.com\/de\/wp-json\/wp\/v2\/product"}],"about":[{"href":"https:\/\/www.dapperdrap.com\/de\/wp-json\/wp\/v2\/types\/product"}],"replies":[{"embeddable":true,"href":"https:\/\/www.dapperdrap.com\/de\/wp-json\/wp\/v2\/comments?post=23442"}],"wp:featuredmedia":[{"embeddable":true,"href":"https:\/\/www.dapperdrap.com\/de\/wp-json\/wp\/v2\/media\/23445"}],"wp:attachment":[{"href":"https:\/\/www.dapperdrap.com\/de\/wp-json\/wp\/v2\/media?parent=23442"}],"wp:term":[{"taxonomy":"product_brand","embeddable":true,"href":"https:\/\/www.dapperdrap.com\/de\/wp-json\/wp\/v2\/product_brand?post=23442"},{"taxonomy":"product_cat","embeddable":true,"href":"https:\/\/www.dapperdrap.com\/de\/wp-json\/wp\/v2\/product_cat?post=23442"},{"taxonomy":"product_tag","embeddable":true,"href":"https:\/\/www.dapperdrap.com\/de\/wp-json\/wp\/v2\/product_tag?post=23442"}],"curies":[{"name":"wp","href":"https:\/\/api.w.org\/{rel}","templated":true}]}}