{"id":23355,"date":"2025-03-13T14:27:02","date_gmt":"2025-03-13T13:27:02","guid":{"rendered":"https:\/\/www.dapperdrap.com\/?post_type=product&#038;p=23355"},"modified":"2025-10-13T15:27:21","modified_gmt":"2025-10-13T13:27:21","slug":"joyce","status":"publish","type":"product","link":"https:\/\/www.dapperdrap.com\/de\/product\/joyce\/","title":{"rendered":"JOYCE"},"content":{"rendered":"<p data-start=\"0\" data-end=\"305\">Diese kontinentale Krawatte aus feinem Stoff mit mattem Finish bietet ein elegantes Erscheinungsbild und steht f\u00fcr die Verbindung von Zweckm\u00e4\u00dfigkeit und Raffinesse.<\/p>\n<p data-start=\"0\" data-end=\"305\">Die neutralen T\u00f6ne, die an die englische Landschaft erinnern, lassen sich leicht mit verschiedenen Outfits kombinieren und machen sie zu einem vielseitigen Accessoire, das sich perfekt f\u00fcr formelle Anl\u00e4sse eignet oder einem Freizeitoutfit einen raffinierten Touch verleiht.<\/p>","protected":false},"excerpt":{"rendered":"<p>Kontinentale Krawatte aus hochwertigem Stoff.<\/p>","protected":false},"featured_media":23428,"comment_status":"open","ping_status":"closed","template":"","meta":{"inline_featured_image":false,"_kadence_starter_templates_imported_post":false,"_kad_post_transparent":"default","_kad_post_title":"","_kad_post_layout":"default","_kad_post_sidebar_id":"","_kad_post_content_style":"default","_kad_post_vertical_padding":"default","_kad_post_feature":"","_kad_post_feature_position":"","_kad_post_header":false,"_kad_post_footer":false,"_kad_post_classname":""},"product_brand":[],"product_cat":[31],"product_tag":[],"class_list":{"0":"post-23355","1":"product","2":"type-product","3":"status-publish","4":"has-post-thumbnail","6":"product_cat-country-gentleman","8":"first","9":"instock","10":"shipping-taxable","11":"purchasable","12":"product-type-simple","13":"entry","14":"content-bg","15":"loop-entry"},"_links":{"self":[{"href":"https:\/\/www.dapperdrap.com\/de\/wp-json\/wp\/v2\/product\/23355","targetHints":{"allow":["GET"]}}],"collection":[{"href":"https:\/\/www.dapperdrap.com\/de\/wp-json\/wp\/v2\/product"}],"about":[{"href":"https:\/\/www.dapperdrap.com\/de\/wp-json\/wp\/v2\/types\/product"}],"replies":[{"embeddable":true,"href":"https:\/\/www.dapperdrap.com\/de\/wp-json\/wp\/v2\/comments?post=23355"}],"wp:featuredmedia":[{"embeddable":true,"href":"https:\/\/www.dapperdrap.com\/de\/wp-json\/wp\/v2\/media\/23428"}],"wp:attachment":[{"href":"https:\/\/www.dapperdrap.com\/de\/wp-json\/wp\/v2\/media?parent=23355"}],"wp:term":[{"taxonomy":"product_brand","embeddable":true,"href":"https:\/\/www.dapperdrap.com\/de\/wp-json\/wp\/v2\/product_brand?post=23355"},{"taxonomy":"product_cat","embeddable":true,"href":"https:\/\/www.dapperdrap.com\/de\/wp-json\/wp\/v2\/product_cat?post=23355"},{"taxonomy":"product_tag","embeddable":true,"href":"https:\/\/www.dapperdrap.com\/de\/wp-json\/wp\/v2\/product_tag?post=23355"}],"curies":[{"name":"wp","href":"https:\/\/api.w.org\/{rel}","templated":true}]}}