{"id":23340,"date":"2025-03-13T14:06:52","date_gmt":"2025-03-13T13:06:52","guid":{"rendered":"https:\/\/www.dapperdrap.com\/?post_type=product&#038;p=23340"},"modified":"2025-10-13T15:31:03","modified_gmt":"2025-10-13T13:31:03","slug":"carlson-country-gentleman","status":"publish","type":"product","link":"https:\/\/www.dapperdrap.com\/de\/product\/carlson-landjunker\/","title":{"rendered":"CARLSON"},"content":{"rendered":"<p data-start=\"40\" data-end=\"326\">Aus feinem Stoff und in einem satten Gr\u00fcn, das an die Farben der Natur erinnert und ihm einen Hauch von schlichter Raffinesse verleiht.<\/p>\n<p data-start=\"40\" data-end=\"326\">Mit ihrem minimalistischen und zeitlosen Design ist die kontinentale Krawatte von Carlson das perfekte Accessoire f\u00fcr alle, die schlichte Eleganz lieben. Sie eignet sich sowohl f\u00fcr formelle als auch f\u00fcr l\u00e4ssig-schicke Looks.<\/p>","protected":false},"excerpt":{"rendered":"<p data-start=\"40\" data-end=\"326\">Kontinentale Krawatte aus hochwertigem Stoff.<\/p>\n<p>&nbsp;<\/p>","protected":false},"featured_media":23341,"comment_status":"open","ping_status":"closed","template":"","meta":{"inline_featured_image":false,"_kadence_starter_templates_imported_post":false,"_kad_post_transparent":"default","_kad_post_title":"","_kad_post_layout":"default","_kad_post_sidebar_id":"","_kad_post_content_style":"default","_kad_post_vertical_padding":"default","_kad_post_feature":"","_kad_post_feature_position":"","_kad_post_header":false,"_kad_post_footer":false,"_kad_post_classname":""},"product_brand":[],"product_cat":[31],"product_tag":[],"class_list":{"0":"post-23340","1":"product","2":"type-product","3":"status-publish","4":"has-post-thumbnail","6":"product_cat-country-gentleman","8":"first","9":"instock","10":"shipping-taxable","11":"purchasable","12":"product-type-simple","13":"entry","14":"content-bg","15":"loop-entry"},"_links":{"self":[{"href":"https:\/\/www.dapperdrap.com\/de\/wp-json\/wp\/v2\/product\/23340","targetHints":{"allow":["GET"]}}],"collection":[{"href":"https:\/\/www.dapperdrap.com\/de\/wp-json\/wp\/v2\/product"}],"about":[{"href":"https:\/\/www.dapperdrap.com\/de\/wp-json\/wp\/v2\/types\/product"}],"replies":[{"embeddable":true,"href":"https:\/\/www.dapperdrap.com\/de\/wp-json\/wp\/v2\/comments?post=23340"}],"wp:featuredmedia":[{"embeddable":true,"href":"https:\/\/www.dapperdrap.com\/de\/wp-json\/wp\/v2\/media\/23341"}],"wp:attachment":[{"href":"https:\/\/www.dapperdrap.com\/de\/wp-json\/wp\/v2\/media?parent=23340"}],"wp:term":[{"taxonomy":"product_brand","embeddable":true,"href":"https:\/\/www.dapperdrap.com\/de\/wp-json\/wp\/v2\/product_brand?post=23340"},{"taxonomy":"product_cat","embeddable":true,"href":"https:\/\/www.dapperdrap.com\/de\/wp-json\/wp\/v2\/product_cat?post=23340"},{"taxonomy":"product_tag","embeddable":true,"href":"https:\/\/www.dapperdrap.com\/de\/wp-json\/wp\/v2\/product_tag?post=23340"}],"curies":[{"name":"wp","href":"https:\/\/api.w.org\/{rel}","templated":true}]}}