{"id":23217,"date":"2025-01-22T02:42:57","date_gmt":"2025-01-22T01:42:57","guid":{"rendered":"https:\/\/www.dapperdrap.com\/?post_type=product&#038;p=23217"},"modified":"2025-10-13T15:23:01","modified_gmt":"2025-10-13T13:23:01","slug":"country-gentleman-copia","status":"publish","type":"product","link":"https:\/\/www.dapperdrap.com\/de\/product\/country-gentleman-kopie-2\/","title":{"rendered":"BENNET"},"content":{"rendered":"<p>Werten Sie Ihre formellsten Outfits mit einem einzigen Accessoire auf, das jedem Outfit Charakter und Raffinesse verleiht. Inspiriert von der zeitlosen Eleganz der britischen Tradition ist die Timothy-Krawatte perfekt f\u00fcr alle, die sich einen Hauch von Klasse mit einem modernen Twist w\u00fcnschen.<\/p>\n<p>Hergestellt aus feinem Tartan-Stoff. Er zeichnet sich durch eine raffinierte Webart und eine leuchtend rote, gr\u00fcne und blaue Farbpalette aus, die mit wei\u00dfen und gelben Akzenten angereichert ist, die an die englische Tradition erinnern und einen Hauch von W\u00e4rme und Charakter verleihen.<\/p>","protected":false},"excerpt":{"rendered":"<p>Kontinentale Krawatte aus feinem Tartanstoff.<\/p>","protected":false},"featured_media":23215,"comment_status":"open","ping_status":"closed","template":"","meta":{"inline_featured_image":false,"_kadence_starter_templates_imported_post":false,"_kad_post_transparent":"default","_kad_post_title":"","_kad_post_layout":"default","_kad_post_sidebar_id":"","_kad_post_content_style":"default","_kad_post_vertical_padding":"default","_kad_post_feature":"","_kad_post_feature_position":"","_kad_post_header":false,"_kad_post_footer":false,"_kad_post_classname":""},"product_brand":[],"product_cat":[31],"product_tag":[],"class_list":{"0":"post-23217","1":"product","2":"type-product","3":"status-publish","4":"has-post-thumbnail","6":"product_cat-country-gentleman","8":"first","9":"instock","10":"shipping-taxable","11":"purchasable","12":"product-type-simple","13":"entry","14":"content-bg","15":"loop-entry"},"_links":{"self":[{"href":"https:\/\/www.dapperdrap.com\/de\/wp-json\/wp\/v2\/product\/23217","targetHints":{"allow":["GET"]}}],"collection":[{"href":"https:\/\/www.dapperdrap.com\/de\/wp-json\/wp\/v2\/product"}],"about":[{"href":"https:\/\/www.dapperdrap.com\/de\/wp-json\/wp\/v2\/types\/product"}],"replies":[{"embeddable":true,"href":"https:\/\/www.dapperdrap.com\/de\/wp-json\/wp\/v2\/comments?post=23217"}],"wp:featuredmedia":[{"embeddable":true,"href":"https:\/\/www.dapperdrap.com\/de\/wp-json\/wp\/v2\/media\/23215"}],"wp:attachment":[{"href":"https:\/\/www.dapperdrap.com\/de\/wp-json\/wp\/v2\/media?parent=23217"}],"wp:term":[{"taxonomy":"product_brand","embeddable":true,"href":"https:\/\/www.dapperdrap.com\/de\/wp-json\/wp\/v2\/product_brand?post=23217"},{"taxonomy":"product_cat","embeddable":true,"href":"https:\/\/www.dapperdrap.com\/de\/wp-json\/wp\/v2\/product_cat?post=23217"},{"taxonomy":"product_tag","embeddable":true,"href":"https:\/\/www.dapperdrap.com\/de\/wp-json\/wp\/v2\/product_tag?post=23217"}],"curies":[{"name":"wp","href":"https:\/\/api.w.org\/{rel}","templated":true}]}}