{"id":16,"date":"2024-10-14T11:25:13","date_gmt":"2024-10-14T09:25:13","guid":{"rendered":"https:\/\/phenomenal-pellerin-l6a.zipwp.link\/?page_id=16"},"modified":"2025-04-15T09:59:56","modified_gmt":"2025-04-15T07:59:56","slug":"refund_returns","status":"publish","type":"page","link":"https:\/\/www.dapperdrap.com\/de\/ruckerstattung_ruckgaben-2\/","title":{"rendered":"Condizioni Generali di Vendita"},"content":{"rendered":"<div data-elementor-type=\"wp-page\" data-elementor-id=\"16\" class=\"elementor elementor-16\" data-elementor-post-type=\"page\">\n\t\t\t\t<div class=\"elementor-element elementor-element-8572151 e-flex e-con-boxed e-con e-parent\" data-id=\"8572151\" data-element_type=\"container\" data-settings=\"{&quot;background_background&quot;:&quot;classic&quot;,&quot;jet_parallax_layout_list&quot;:[]}\">\n\t\t\t\t\t<div class=\"e-con-inner\">\n\t\t\t\t\t<\/div>\n\t\t\t\t<\/div>\n\t\t<div class=\"elementor-element elementor-element-66f8c575 e-flex e-con-boxed e-con e-parent\" data-id=\"66f8c575\" data-element_type=\"container\" data-settings=\"{&quot;jet_parallax_layout_list&quot;:[]}\">\n\t\t\t\t\t<div class=\"e-con-inner\">\n\t\t\t\t<div class=\"elementor-element elementor-element-30d8cd6e elementor-widget elementor-widget-text-editor\" data-id=\"30d8cd6e\" data-element_type=\"widget\" data-widget_type=\"text-editor.default\">\n\t\t\t\t<div class=\"elementor-widget-container\"><p class=\"p1\"><span style=\"color: #000000;\"><b>ALLGEMEINE EINF\u00dcHRUNG<\/b><\/span><\/p>\n<p>Art. 1 - Allgemeine Bestimmungen<\/p>\n<p>1. Wenn der Benutzer in diesem Bereich navigiert, gelangt er auf die Website Name, die \u00fcber die URL: ________ (im Folgenden \"________\" genannt). Das Browsen und die \u00dcbermittlung einer Bestellung auf der Website setzt die Annahme der von der Website angenommenen Bedingungen und Datenschutzrichtlinien voraus, wie sie auf der Website angegeben sind.<br \/>2. Die vorliegenden Allgemeinen Verkaufsbedingungen gelten f\u00fcr den Verkauf von Waren und die Erbringung von Dienstleistungen mit ausschlie\u00dflicher Bezugnahme auf K\u00e4ufe, die \u00fcber die Website gem\u00e4\u00df den Bestimmungen von Teil III, Titel III, Kapitel I, Verbrauchergesetzbuch (Gesetzesdekret Nr. 206\/05, ge\u00e4ndert durch Gesetzesdekret Nr. 21\/14 und Gesetzesdekret Nr. 70\/03) get\u00e4tigt werden, indem<\/p>\n<p>Unternehmen ________<br \/>Standort: ________<br \/>Umsatzsteuer-Identifikationsnummer: ________<br \/>Eingetragen bei der REA, Nummer ________<\/p>\n<p><br \/>3. Der Nutzer ist verpflichtet, vor dem Zugriff auf die Produkte und Dienstleistungen, die von der Website zur Verf\u00fcgung gestellt werden, diese Allgemeinen Verkaufsbedingungen zu lesen, die allgemein und eindeutig zum Zeitpunkt des Kaufs akzeptiert werden.<br \/>4. Sie werden gebeten, eine Kopie des Kaufformulars und dieser Allgemeinen Verkaufsbedingungen herunterzuladen und auszudrucken. ________ beh\u00e4lt sich das Recht vor, die Bedingungen einseitig und ohne vorherige Ank\u00fcndigung zu \u00e4ndern.<\/p>\n<p><br \/>Art. 2 - Gegenstand<\/p>\n<p>1. Die vorliegenden Allgemeinen Verkaufsbedingungen regeln das Angebot, die \u00dcbermittlung und die Annahme von Bestellungen von Waren und Dienstleistungen auf ________. Sie regeln hingegen nicht die Erbringung von Dienstleistungen oder den Verkauf von Produkten durch andere Parteien als den Verk\u00e4ufer, die auf derselben Website \u00fcber Links, Banner oder andere Hypertext-Links pr\u00e4sent sind.<br \/>2. Bevor Sie Bestellungen aufgeben und Produkte und Dienstleistungen von anderen Parteien erwerben, empfehlen wir Ihnen, deren Verkaufsbedingungen zu pr\u00fcfen.<\/p>\n<p><br \/>Art. 3 - Abschluss des Vertrages<\/p>\n<p>1. Um den Kaufvertrag abzuschlie\u00dfen, muss das Formular in elektronischer Form ausgef\u00fcllt und gem\u00e4\u00df den entsprechenden Anweisungen eingereicht werden.<br \/>2. Sie enth\u00e4lt einen Querverweis auf die Allgemeinen Verkaufsbedingungen, Informationen \u00fcber jede gekaufte Dienstleistung und Abbildungen jedes Produkts und seines Preises, die Zahlungsmittel, die verwendet werden k\u00f6nnen, die Art der Lieferung der gekauften Produkte und die damit verbundenen Versand- und Lieferkosten, einen Querverweis auf die Bedingungen f\u00fcr die Aus\u00fcbung des Widerrufsrechts; Methoden und Zeiten f\u00fcr die R\u00fcckgabe der gekauften Produkte. Der Verk\u00e4ufer haftet nicht f\u00fcr die Unzul\u00e4nglichkeiten der grafischen Darstellungen der Produkte, wenn diese auf technische Gr\u00fcnde zur\u00fcckzuf\u00fchren sind, da die Darstellungen lediglich der Veranschaulichung dienen.<br \/>3. Vor Vertragsabschluss werden Sie aufgefordert zu best\u00e4tigen, dass Sie die Allgemeinen Gesch\u00e4ftsbedingungen einschlie\u00dflich der Informationen \u00fcber das Widerrufsrecht und die Verarbeitung personenbezogener Daten gelesen haben.<br \/>4. Der Vertrag kommt zustande, wenn der Verk\u00e4ufer das vom Nutzer ausgef\u00fcllte Formular erh\u00e4lt, nachdem er die Richtigkeit der darin enthaltenen Daten \u00fcberpr\u00fcft hat.<br \/>5. Der K\u00e4ufer ist verpflichtet, den Preis zu zahlen, sobald der Online-Bestellvorgang abgeschlossen ist. Dies geschieht durch Anklicken der Schaltfl\u00e4che \"Buy Now? Buy Now -&gt; to be defined\" am Ende des Assistenten.<br \/>6. Sobald der Vertrag abgeschlossen ist, \u00fcbernimmt der Verk\u00e4ufer den Auftrag zur Bearbeitung.<\/p>\n<p><br \/>Artikel 4 - Registrierte Nutzer<\/p>\n<p>1. Mit dem Abschluss des Registrierungsverfahrens verpflichtet sich der Nutzer, die Anweisungen auf der Website zu befolgen und seine pers\u00f6nlichen Daten korrekt und wahrheitsgem\u00e4\u00df anzugeben.<br \/>2. Nach erfolgter Registrierung erh\u00e4lt der Nutzer eine Best\u00e4tigungs-E-Mail an die von ihm angegebene E-Mail-Adresse. Die Best\u00e4tigung wird innerhalb von maximal 7 Tagen \u00fcbermittelt. Nach Ablauf dieser Frist wird ________ bei Ausbleiben einer Best\u00e4tigung von allen Verpflichtungen gegen\u00fcber dem Nutzer befreit.<br \/>3. Die Best\u00e4tigung entbindet ________ in jedem Fall von jeglicher Haftung bez\u00fcglich der vom Nutzer angegebenen Daten. Der Nutzer verpflichtet sich, ________ unverz\u00fcglich \u00fcber alle \u00c4nderungen seiner jederzeit mitgeteilten Daten zu informieren.<br \/>4. Teilt der Nutzer daraufhin unrichtige oder unvollst\u00e4ndige Daten mit oder besteht gar ein Streit zwischen den Beteiligten \u00fcber die geleisteten Zahlungen, ist ________ berechtigt, den Dienst nicht zu aktivieren oder auszusetzen, bis die entsprechenden M\u00e4ngel behoben sind.<br \/>5. Bei der ersten Anfrage des Nutzers zur Aktivierung eines Profils weist ________ dem Nutzer einen Benutzernamen und ein Passwort zu. Dieser erkennt an, dass diese Kennungen das Validierungssystem f\u00fcr den Zugang des Nutzers zu den Diensten und das einzige System darstellen, das in der Lage ist, den Nutzer zu identifizieren, so dass die mittels dieses Zugangs vorgenommenen Handlungen ihm zugerechnet werden und f\u00fcr ihn verbindlich sind.<br \/>6. Der Nutzer verpflichtet sich, seine Zugangsdaten geheim zu halten und mit der gebotenen Sorgfalt zu behandeln und sie nicht, auch nicht vor\u00fcbergehend, an Dritte weiterzugeben.<\/p>\n<p><br \/>Art. 5 - Verf\u00fcgbarkeit der Produkte<\/p>\n<p>1. Die Verf\u00fcgbarkeit der Produkte bezieht sich auf die tats\u00e4chliche Verf\u00fcgbarkeit zum Zeitpunkt der Bestellung des K\u00e4ufers. Diese Verf\u00fcgbarkeit muss jedoch als rein indikativ betrachtet werden, da aufgrund der gleichzeitigen Anwesenheit mehrerer Nutzer auf der Website die Produkte an andere Kunden verkauft werden k\u00f6nnen, bevor die Bestellung best\u00e4tigt wird.<br \/>2. Auch nach Versand der Bestellbest\u00e4tigung per E-Mail kann es zu einer teilweisen oder vollst\u00e4ndigen Nichtverf\u00fcgbarkeit von Waren kommen. In diesem Fall wird die Bestellung automatisch berichtigt, indem das nicht verf\u00fcgbare Produkt gestrichen wird, und der K\u00e4ufer wird unverz\u00fcglich per E-Mail informiert.<br \/>3. Verlangt der K\u00e4ufer die Stornierung der Bestellung und damit die Beendigung des Vertrags, erstattet ________ den gezahlten Betrag innerhalb von ________ Tagen, nachdem ________ von der Entscheidung des K\u00e4ufers, den Vertrag zu beenden, Kenntnis erhalten hat.<\/p>\n<p><br \/>Art. 6 - Bew\u00e4hrungszeit<\/p>\n<p>1. ________ kann seine Dienste f\u00fcr die Dauer und auf die Art und Weise, die unter der folgenden Adresse angegeben ist, auf Probe anbieten: ________. Je nach den angebotenen Diensten und nach eigenem Ermessen kann  beim Kauf der Testdienste die Angabe von Kreditkartendaten als Zahlungsmittel f\u00fcr die Dienste nach Ablauf des Testzeitraums verlangen oder nicht.<br \/>2. Die Kreditkartendaten werden\/werden nicht f\u00fcr eine sp\u00e4tere Zahlungsabwicklung durch das Unternehmen ________ gespeichert, das ordnungsgem\u00e4\u00df nach PCI-DSS zertifiziert ist und die Dienstleistung im Namen von ________ erbringt.<br \/>3. Nach Ablauf des Probezeitraums wird der Dienst von ________ verl\u00e4ngert, wenn der K\u00e4ufer nicht vor Ablauf des Probezeitraums widersprochen hat.<br \/>4. In diesem Fall belastet ________ nach Ablauf des Testzeitraums die Kreditkarte mit dem f\u00fcr den Kauf der Dienstleistung f\u00e4lligen Betrag.<br \/>5. Hat ________ hingegen zum Zeitpunkt des Testkaufs keine Kreditkartendaten angefordert, wird die Erbringung der Dienstleistung am Ende des Testzeitraums eingestellt. Es versteht sich, dass der Kunde im Falle eines Testkaufs von Dienstleistungen immer und in jedem Fall die in diesen Bedingungen f\u00fcr die einzelnen Dienstleistungen festgelegten Bedingungen einhalten muss.<\/p>\n<p><br \/>Art. 7 - Angebotene Produkte<\/p>\n<p>1. ________ M\u00e4rkte:<br \/>________<br \/>2. Das Angebot ist auf unserer Website unter folgendem Link ausf\u00fchrlich beschrieben: ________<\/p>\n<p><br \/>Art. 8 - Zahlungsbedingungen und Preise<\/p>\n<p>1. Der Preis der Produkte und Dienstleistungen ist der jeweils auf der Website angegebene Preis, es sei denn, es handelt sich um einen offensichtlichen Fehler.<br \/>2. Im Falle eines Irrtums wird ________ den K\u00e4ufer so schnell wie m\u00f6glich benachrichtigen, damit die Bestellung in der richtigen H\u00f6he best\u00e4tigt oder storniert werden kann. Es besteht auf jeden Fall keine Verpflichtung f\u00fcr ________, das zu liefern, was zu dem f\u00e4lschlicherweise angegebenen niedrigeren Preis verkauft wurde.<br \/>3. Die Preise der Website verstehen sich inklusive Mehrwertsteuer und inklusive Versandkosten. Die Preise k\u00f6nnen jederzeit ge\u00e4ndert werden. \u00c4nderungen wirken sich nicht auf Bestellungen aus, f\u00fcr die bereits eine Auftragsbest\u00e4tigung versandt wurde.<br \/>4. Sobald Sie die gew\u00fcnschten Produkte und Dienstleistungen ausgew\u00e4hlt haben, werden diese in Ihren Warenkorb gelegt. Folgen Sie einfach den Kaufanweisungen und geben Sie bei jedem Schritt die erforderlichen Informationen ein oder \u00fcberpr\u00fcfen Sie diese. Die Bestelldaten k\u00f6nnen vor der Zahlung ge\u00e4ndert werden.<br \/>5. Die Zahlung kann erfolgen durch:<br \/>________<\/p>\n<p><br \/>Art. 9 - Lieferung<\/p>\n<p>1. ________ Schiffe in ganz Italien, mit Ausnahme des Staates Vatikanstadt und der Republik San Marino. <br \/>2. ________ liefert nur an den zum Zeitpunkt des Kaufs angegebenen Wohnsitz des Nutzers.<br \/>3. Die Lieferung erfolgt in der Regel innerhalb von ________ oder, wenn kein Liefertermin angegeben ist, innerhalb der zum Zeitpunkt der Wahl der Liefermethode gesch\u00e4tzten Frist, in jedem Fall aber innerhalb einer Frist von h\u00f6chstens drei\u00dfig Tagen ab dem Datum der Best\u00e4tigung. <br \/>4. Ist eine Lieferung nicht m\u00f6glich, so wird die Bestellung an das Lager geschickt. In diesem Fall wird in einer Mitteilung angegeben, wo sich die Bestellung befindet und wie eine neue Lieferung vereinbart werden kann.<br \/>5. Sollten Sie zum vereinbarten Zeitpunkt nicht am Lieferort anwesend sein k\u00f6nnen, nehmen Sie bitte erneut Kontakt mit uns auf, um einen neuen Liefertermin zu vereinbaren.<br \/>6. Kann die Lieferung aus Gr\u00fcnden, die wir nicht zu vertreten haben, nach Ablauf von drei\u00dfig Tagen ab dem Datum, an dem die Bestellung zur Auslieferung bereitsteht, nicht erfolgen, so gehen wir davon aus, dass der Vertrag aufgel\u00f6st ist.<br \/>7. Als Folge der K\u00fcndigung werden die Betr\u00e4ge zur\u00fcckerstattet, einschlie\u00dflich der Kosten f\u00fcr die Lieferung, unter Ausschluss aller zus\u00e4tzlichen Kosten, die sich aus der Wahl einer anderen als der \u00fcblichen angebotenen Liefermethode ergeben, und zwar unverz\u00fcglich und in jedem Fall innerhalb von 30 Tagen ab dem Datum der K\u00fcndigung des Vertrags. F\u00fcr den Transport infolge der Beendigung des Vertrags k\u00f6nnen zus\u00e4tzliche Kosten anfallen, die vom K\u00e4ufer zu tragen sind.<br \/>8. Die Versandkosten gehen zu Lasten des K\u00e4ufers und werden bei der Bestellung ausdr\u00fccklich hervorgehoben.<br \/>9. Die von der Webseite zur Verf\u00fcgung gestellten Dienstleistungen werden dem Kunden sofort\/3 Tage\/7 Tage und auf jeden Fall nicht sp\u00e4ter als 30 Tage nach dem auf der Webseite get\u00e4tigten Kauf geliefert.<br \/>10. Die Dienste sind online verf\u00fcgbar oder werden an die vom Kunden zum Zeitpunkt des Kaufs angegebene E-Mail-Adresse geschickt.<br \/>11. Kann die Lieferung aus Gr\u00fcnden, die keine der Parteien zu vertreten hat, nicht erfolgen, so wird dem Nutzer die Zahlung vollst\u00e4ndig erstattet.<\/p>\n<p><br \/>Artikel 10 - Gefahr\u00fcbergang<\/p>\n<p>1. Die Risiken im Zusammenhang mit den Produkten gehen ab dem Zeitpunkt der Lieferung auf den K\u00e4ufer \u00fcber. Das Eigentum an den Produkten gilt mit dem Eingang der vollst\u00e4ndigen Zahlung aller daf\u00fcr geschuldeten Betr\u00e4ge, einschlie\u00dflich der Versandkosten, oder zum Zeitpunkt der Lieferung als erworben, je nachdem, welcher Zeitpunkt sp\u00e4ter liegt.<\/p>\n<p><br \/>Artikel 11 - Gew\u00e4hrleistung und Handelskonformit\u00e4t<\/p>\n<p>1. Der Verk\u00e4ufer haftet f\u00fcr jeden Mangel an den auf der Website angebotenen Produkten, einschlie\u00dflich der Nicht\u00fcbereinstimmung der Artikel mit den bestellten Produkten, gem\u00e4\u00df den Bestimmungen des italienischen Rechts.<br \/>2. Wenn der K\u00e4ufer den Vertrag als Verbraucher abgeschlossen hat, d. h. jede nat\u00fcrliche Person, die auf der Website zu Zwecken handelt, die nicht ihrer gewerblichen oder beruflichen T\u00e4tigkeit zuzurechnen sind, gilt diese Garantie unter der Voraussetzung, dass der Mangel innerhalb von 24 Monaten ab dem Datum der Lieferung der Produkte auftritt, dass der K\u00e4ufer den Mangel innerhalb von h\u00f6chstens 2 Monaten ab dem Datum, an dem der Mangel vom K\u00e4ufer erkannt wurde, formell reklamiert und dass das Online-R\u00fcckgabeformular korrekt ausgef\u00fcllt wird.<br \/>3. (3) Im Falle der Vertragswidrigkeit hat der K\u00e4ufer, der den Vertrag als Verbraucher geschlossen hat, das Recht, die Vertragswidrigkeit der Ware durch Nachbesserung oder Ersatzlieferung kostenlos beseitigen zu lassen oder einen angemessenen Preisnachlass zu erhalten oder den Vertrag in Bezug auf die beanstandete Ware aufzul\u00f6sen und den Preis entsprechend zur\u00fcckzuerstatten.<br \/>4. Alle R\u00fccksendekosten f\u00fcr mangelhafte Produkte gehen zu Lasten des Verk\u00e4ufers.<\/p>\n<p><br \/>Artikel 12 - R\u00fccktritt<\/p>\n<p>1. Gem\u00e4\u00df den geltenden gesetzlichen Bestimmungen hat der K\u00e4ufer das Recht, innerhalb einer Frist von 14 Tagen gem\u00e4\u00df Artikel 57 des Gesetzesdekrets 206\/2005 ab dem Datum des Erhalts der Produkte ohne jegliche Vertragsstrafe und ohne Angabe von Gr\u00fcnden vom Kauf zur\u00fcckzutreten.<br \/>2. ________ verl\u00e4ngert die vorgenannte Frist von 14 auf 30 Tage, so dass der K\u00e4ufer bis zum Ablauf dieser Frist vom Kaufvertrag zur\u00fccktreten kann, und zwar ab dem Tag, der auf den Tag des Erhalts der online erworbenen Produkte folgt.<br \/>3. Bei mehreren K\u00e4ufen, die der K\u00e4ufer in einer einzigen Bestellung get\u00e4tigt hat und die getrennt geliefert werden, beginnt die 30-Tage-Frist mit dem Datum des Erhalts des letzten Produkts.<br \/>4. Wenn der Nutzer von seinem Recht Gebrauch machen m\u00f6chte, den Kauf zu stornieren, kann er eine E-Mail unter Angabe der Bestellnummer und des Namens des Nutzers an folgende Adresse schicken:<br \/>xxx@xxx.it<br \/>5. Der K\u00e4ufer \u00fcbt das R\u00fccktrittsrecht auch durch \u00dcbersendung einer ausdr\u00fccklichen Erkl\u00e4rung aus, die den Entschluss enth\u00e4lt, vom Vertrag zur\u00fcckzutreten, oder alternativ durch \u00dcbersendung des Standard-R\u00fccktrittsformulars gem\u00e4\u00df Anhang I Teil B des Gesetzesdekrets 21\/2014, das nicht vorgeschrieben ist.<br \/>6. Die Waren sind zur\u00fcckzusenden an:<br \/>weg...<br \/>7. Die Waren m\u00fcssen unbesch\u00e4digt, originalverpackt, in allen Teilen vollst\u00e4ndig und mit den beigef\u00fcgten Steuerunterlagen zur\u00fcckgeschickt werden. Unbeschadet des Rechts, die Einhaltung der oben genannten Bedingungen zu \u00fcberpr\u00fcfen, erstattet die Website den Betrag der Produkte, die Gegenstand der R\u00fccknahme sind, innerhalb einer Frist von h\u00f6chstens 30 Tagen, einschlie\u00dflich etwaiger Versandkosten.<br \/>8. Wie in Artikel 56 Absatz 3 der Gesetzesverordnung 206\/2005 in der Fassung der Gesetzesverordnung 21\/2014 vorgesehen, kann die Website die R\u00fcckerstattung bis zum Erhalt der Ware oder bis zum Nachweis der R\u00fccksendung durch den K\u00e4ufer aussetzen.<br \/>9. Das Widerrufsrecht gilt nicht, wenn die Dienstleistungen und Produkte von ________ zu den Kategorien des Artikels 59 des Decreto Legislativo 206\/2005 geh\u00f6ren.<br \/>10. Die Website wird die R\u00fcckerstattung mit demselben Zahlungsmittel vornehmen, das der K\u00e4ufer zum Zeitpunkt des Kaufs gew\u00e4hlt hat. Bei Zahlung per Bank\u00fcberweisung muss der K\u00e4ufer, wenn er von seinem Widerrufsrecht Gebrauch machen m\u00f6chte, die f\u00fcr die Erstattung erforderlichen Bankdaten angeben: IBAN, SWIFT und BIC.<\/p>\n<p><br \/>Artikel 13 - Datenverarbeitung<\/p>\n<p>1. Die Daten des K\u00e4ufers werden gem\u00e4\u00df den Bestimmungen der Gesetzgebung zum Schutz personenbezogener Daten verarbeitet, wie im Abschnitt mit den Informationen gem\u00e4\u00df Artikel 13 des Gesetzesdekrets vom 30. Juni 2003 und Artikel 13 der Verordnung (EU) 2016\/679 (Datenschutzrichtlinie) angegeben.<\/p>\n<p><br \/>Art. 14 - Schutzklausel<\/p>\n<p>1. Sollte eine der Bestimmungen dieser Allgemeinen Verkaufsbedingungen aus irgendeinem Grund ung\u00fcltig sein, so ber\u00fchrt dies in keiner Weise die G\u00fcltigkeit und Einhaltung der \u00fcbrigen Bestimmungen dieser Allgemeinen Verkaufsbedingungen.<\/p>\n<p><br \/>Art. 15 - Kontakte<\/p>\n<p>1. Informationsanfragen k\u00f6nnen per E-Mail an die folgende Adresse xxx@xxx.it, telefonisch an die folgende Adresse +39xxx\/xxxxx und per Post an die folgende Adresse gerichtet werden:<br \/>\u00fcber<\/p>\n<p><br \/>Art. 16 - Anwendbares Recht und Gerichtsstand<\/p>\n<p>1. Die vorliegenden Allgemeinen Verkaufsbedingungen unterliegen dem italienischen Recht und sind nach diesem auszulegen, unbeschadet anderer zwingender Vorschriften des Landes, in dem der K\u00e4ufer seinen gew\u00f6hnlichen Aufenthalt hat. Dementsprechend unterliegen die Auslegung, die Ausf\u00fchrung und die Beendigung der Allgemeinen Verkaufsbedingungen ausschlie\u00dflich dem italienischen Recht.<br \/>2. Alle Streitigkeiten, die sich aus und\/oder im Zusammenhang mit dem Vertrag ergeben, werden ausschlie\u00dflich von den italienischen Gerichten entschieden. Insbesondere wenn der K\u00e4ufer als Verbraucher gilt, werden alle Streitigkeiten von dem Gericht des Wohnsitzes oder des Aufenthaltsortes des K\u00e4ufers nach dem geltenden Recht entschieden.<\/p>\n<p><br \/>Diese Bedingungen wurden am xx\/xx\/xxxx ausgearbeitet.<\/p><\/div>\n\t\t\t\t<\/div>\n\t\t\t\t\t<\/div>\n\t\t\t\t<\/div>\t\t<\/div>","protected":false},"excerpt":{"rendered":"<p>INTRODUZIONE GENERALE Art. 1 &#8211; Disposizioni generali 1. L&#8217;utente navigando in quest&#8217;area accede a Nome sito, accessibile mediante l&#8217;url: ________ (d&#8217;ora in avanti chiamato &#8220;________&#8221;). La navigazione e la trasmissione di un ordine di acquisto sul sito comportano l&#8217;accettazione delle Condizioni e delle Politiche di Protezione dei Dati adottate dal sito stesso ivi indicate.2. Le&#8230;<\/p>","protected":false},"author":1,"featured_media":0,"parent":0,"menu_order":0,"comment_status":"closed","ping_status":"closed","template":"elementor_header_footer","meta":{"inline_featured_image":false,"_kadence_starter_templates_imported_post":false,"_kad_post_transparent":"","_kad_post_title":"","_kad_post_layout":"","_kad_post_sidebar_id":"","_kad_post_content_style":"","_kad_post_vertical_padding":"","_kad_post_feature":"","_kad_post_feature_position":"","_kad_post_header":false,"_kad_post_footer":false,"_kad_post_classname":"","footnotes":""},"class_list":["post-16","page","type-page","status-publish","hentry"],"_links":{"self":[{"href":"https:\/\/www.dapperdrap.com\/de\/wp-json\/wp\/v2\/pages\/16","targetHints":{"allow":["GET"]}}],"collection":[{"href":"https:\/\/www.dapperdrap.com\/de\/wp-json\/wp\/v2\/pages"}],"about":[{"href":"https:\/\/www.dapperdrap.com\/de\/wp-json\/wp\/v2\/types\/page"}],"author":[{"embeddable":true,"href":"https:\/\/www.dapperdrap.com\/de\/wp-json\/wp\/v2\/users\/1"}],"replies":[{"embeddable":true,"href":"https:\/\/www.dapperdrap.com\/de\/wp-json\/wp\/v2\/comments?post=16"}],"version-history":[{"count":13,"href":"https:\/\/www.dapperdrap.com\/de\/wp-json\/wp\/v2\/pages\/16\/revisions"}],"predecessor-version":[{"id":23899,"href":"https:\/\/www.dapperdrap.com\/de\/wp-json\/wp\/v2\/pages\/16\/revisions\/23899"}],"wp:attachment":[{"href":"https:\/\/www.dapperdrap.com\/de\/wp-json\/wp\/v2\/media?parent=16"}],"curies":[{"name":"wp","href":"https:\/\/api.w.org\/{rel}","templated":true}]}}